{"id":2,"date":"2021-12-02T16:54:45","date_gmt":"2021-12-02T07:54:45","guid":{"rendered":"https:\/\/daiewool.co.jp\/wordpress"},"modified":"2026-03-09T10:53:42","modified_gmt":"2026-03-09T01:53:42","slug":"sample-page","status":"publish","type":"page","link":"https:\/\/daiewool.co.jp\/","title":{"rendered":"\u30c8\u30c3\u30d7\u30da\u30fc\u30b8"},"content":{"rendered":"<div class=\"swiper-container\">\n<div class=\"swiper-wrapper\">\n<div class=\"swiper-slide\">\n<div class=\"swiper-slide\" style=\"background-image: url('https:\/\/daiewool.co.jp\/wordpress\/wp-content\/uploads\/2026\/03\/daie-wool-2026-03-1.jpg');\"><\/div>\n<\/div>\n<div class=\"swiper-slide\">\n<div class=\"swiper-slide\" style=\"background-image: url('https:\/\/daiewool.co.jp\/wordpress\/wp-content\/uploads\/2026\/03\/daie-wool-2026-03-2.jpg');\"><\/div>\n<\/div>\n<div class=\"swiper-slide\">\n<div class=\"swiper-slide\" style=\"background-image: url('https:\/\/daiewool.co.jp\/wordpress\/wp-content\/uploads\/2026\/03\/daie-wool-2026-03-3.jpg');\"><\/div>\n<\/div>\n<div class=\"swiper-slide\">\n<div class=\"swiper-slide\" style=\"background-image: url('https:\/\/daiewool.co.jp\/wordpress\/wp-content\/uploads\/2026\/03\/daie-wool-2026-03-4.jpg');\"><\/div>\n<\/div>\n<div class=\"swiper-slide\">\n<div class=\"swiper-slide\" style=\"background-image: url('https:\/\/daiewool.co.jp\/wordpress\/wp-content\/uploads\/2026\/03\/daie-wool-2026-03-5.jpg');\"><\/div>\n<\/div>\n<div class=\"swiper-slide\">\n<div class=\"swiper-slide\" style=\"background-image: url('https:\/\/daiewool.co.jp\/wordpress\/wp-content\/uploads\/2026\/03\/daie-wool-2026-03-6.jpg');\"><\/div>\n<\/div>\n<\/div>\n<div class=\"swiper-pagination\"><\/div>\n<div class=\"swiper-button-prev\"><\/div>\n<div class=\"swiper-button-next\"><\/div>\n<\/div>\n<p><a id=\"top-message-id\" class=\"anchor\"><\/a><\/p>\n<div id=\"top-message\">\n<p>\u5927\u6075\u30a6\u30fc\u30eb\u682a\u5f0f\u4f1a\u793e\u306f\u4eac\u90fd\u5e9c\u5b87\u6cbb\u5e02\u3067\u5bdd\u5177\u88fd\u9020\u696d\u309260\u5e74\u4ee5\u4e0a\u306b\u308f\u305f\u308a\u64cd\u696d\u3057\u3066\u3044\u308b\u30a6\u30fc\u30eb\u3075\u3068\u3093\u306e\u5c02\u9580\u30e1\u30fc\u30ab\u30fc\u3067\u3059\u3002<\/p>\n<p>\u30a6\u30fc\u30eb\u3075\u3068\u3093\u306b\u7279\u5316\u3059\u308b\u3053\u3068\u3067\u30a6\u30fc\u30eb\u306e\u826f\u3055\u3092\u5341\u4e8c\u5206\u306b\u6d3b\u304b\u3057\u305f\u5546\u54c1\u3092\u81ea\u4fe1\u3092\u3082\u3063\u3066\u3054\u63d0\u6848\u3044\u305f\u3057\u307e\u3059\u3002<br \/>\n\u56fd\u7523\u88fd\u54c1\u306a\u3089\u3067\u306f\u306e\u9ad8\u54c1\u8cea\u306a\u3001\u3069\u306a\u305f\u69d8\u306b\u3082\u5b89\u5fc3\u3057\u3066\u3054\u4f7f\u7528\u3044\u305f\u3060\u3051\u308b\u5546\u54c1\u3092\u304a\u5c4a\u3051\u3044\u305f\u3057\u307e\u3059\u3002<\/p>\n<p>\u3075\u3068\u3093\u306b\u306f\u5341\u4eba\u5341\u8272\u306e\u30cb\u30fc\u30ba\u304c\u3042\u308a\u307e\u3059\u3002\u6b8b\u5ff5\u306a\u304c\u3089\u3053\u306e\u591a\u7a2e\u591a\u69d8\u306a\u30cb\u30fc\u30ba\u5168\u3066\u306b\u30011\u679a\u306e\u3075\u3068\u3093\u3067\u5fdc\u3048\u308b\u3053\u3068\u306f\u3067\u304d\u307e\u305b\u3093\u3002<br \/>\n\u5f0a\u793e\u3067\u306f\u500b\u5225\u306e\u30cb\u30fc\u30ba\u306b\u5408\u308f\u305b\u305f\u5546\u54c1\u8a2d\u8a08\u3092\u304a\u3053\u306a\u3044\u3001\u30aa\u30f3\u30ea\u30fc\u30ef\u30f3\u306e\u5546\u54c1\u3065\u304f\u308a\u3092\u76ee\u6307\u3057\u307e\u3059\u3002<br \/>\n\u3042\u3089\u3086\u308b\u65b9\u5411\u306b\u76ee\u3092\u5411\u3051\u3001\u3042\u3089\u3086\u308b\u89d2\u5ea6\u304b\u3089\u898b\u3064\u3081\u3001\u304a\u5ba2\u69d8\u306e\u30cb\u30fc\u30ba\u306b\u304a\u5fdc\u3048\u3067\u304d\u308b\u3088\u3046\u306a\u63d0\u6848\u3092\u3044\u305f\u3057\u307e\u3059\u3002<\/p>\n<\/div>\n<p><a id=\"news-id\" class=\"anchor\"><\/a><\/p>\n<div id=\"news\"><b>\u30cb\u30e5\u30fc\u30b9<\/b><ul class=\"sc_article wow animate__fadeInUp animate__animated  simple \" style=\"height:auto;\"><li class=\"clearfix\"><div class=\"sc_article_date\">2026\u5e743\u67089\u65e5<\/div><div class=\"sc_article_title\"><a href=\"https:\/\/daiewool.co.jp\/?p=505\" target=\"\">\u4ee3\u8868\u53d6\u7de0\u5f79 \u897f\u5ca1\u4e00\u5247 \u65e5\u672c\u3075\u3068\u3093\u30de\u30a4\u30b9\u30bf\u30fc\u4efb\u547d\u306e\u304a\u77e5\u3089\u305b<\/a><\/div><\/li><li class=\"clearfix\"><div class=\"sc_article_date\">2025\u5e7412\u67082\u65e5<\/div><div class=\"sc_article_title\"><a href=\"https:\/\/daiewool.co.jp\/?p=483\" target=\"\">\u5927\u962a\u30fb\u95a2\u897f\u4e07\u535a\u5c55\u793a\u300c\u672a\u6765\u822a\u8def -20XX\u5e74\u3092\u76ee\u6307\u3059\u4e2d\u5c0f\u4f01\u696d\u306e\u6311\u6226\u306e\u65c5\u300d\u672a\u6765\u3078\u306e\u6311\u6226\u30e1\u30c3\u30bb\u30fc\u30b8<\/a><\/div><\/li><li class=\"clearfix\"><div class=\"sc_article_date\">2025\u5e749\u67088\u65e5<\/div><div class=\"sc_article_title\"><a href=\"https:\/\/daiewool.co.jp\/?p=466\" target=\"\">\u3010\u30bb\u30df\u30ca\u30fc\u306e\u304a\u77e5\u3089\u305b\u3011\u300c\u7761\u7720\u3068\u5bdd\u5177\u306e\u304a\u8a71\u3057\u4f1a\u300d\u3092\u958b\u50ac\u3057\u307e\u3059<\/a><\/div><\/li><\/ul>\n<b>\u30b3\u30e9\u30e0<\/b><ul class=\"sc_article wow animate__fadeInUp animate__animated  simple \" style=\"height:auto;\"><li class=\"clearfix\"><div class=\"sc_article_date\">2025\u5e746\u670818\u65e5<\/div><div class=\"sc_article_title\"><a href=\"https:\/\/daiewool.co.jp\/?p=416\" target=\"\">\u6bce\u65e5\u306e\u7720\u308a\u306b\u3001\u201c\u4e00\u679a\u306e\u9055\u3044\u201d\u3092\u3002 PREMIUM WOOL\u30aa\u30fc\u30d0\u30fc\u30ec\u30a4\u306e\u5feb\u7720\u529b<\/a><\/div><\/li><li class=\"clearfix\"><div class=\"sc_article_date\">2025\u5e746\u670811\u65e5<\/div><div class=\"sc_article_title\"><a href=\"https:\/\/daiewool.co.jp\/?p=408\" target=\"\">\u4e00\u5e74\u4e2d\u3001\u5fc3\u5730\u3088\u304f\u3002 PREMIUM WOOL\u30e9\u30a4\u30c8\u639b\u3051\u3075\u3068\u3093\u306e\u9b45\u529b\u3068\u306f\uff1f<\/a><\/div><\/li><li class=\"clearfix\"><div class=\"sc_article_date\">2025\u5e746\u67084\u65e5<\/div><div class=\"sc_article_title\"><a href=\"https:\/\/daiewool.co.jp\/?p=406\" target=\"\">\u5e03\u56e3\u306e\u300c\u30e0\u30ec\u300d\u306b\u60a9\u3080\u3042\u306a\u305f\u3078\u3002\u30a6\u30fc\u30eb\u306e\u5438\u6e7f\u529b\u3067\u3001\u3055\u3089\u308a\u3068\u5feb\u9069\u306a\u7720\u308a\u3092\u3002<\/a><\/div><\/li><\/ul><\/div>\n<p style=\"padding: 0;\"><a id=\"quality-id\" class=\"anchor\"><\/a><\/p>\n<p><!--\n\n\n<div id=\"quality\">\n\n\n<h3>\u54c1\u8cea\u65b9\u91dd<\/h3>\n\n\n\u5f53\u793e\u306f\u3001\u5e38\u306b\u9867\u5ba2\u306e\u8981\u6c42\u53ca\u3073\u4fe1\u983c\u3092\u7b2c\u4e00\u306b\u8003\u3048\u3001\u793e\u54e1\u306e\u5275\u9020\u529b\u30fb\u77e5\u6075\u30fb\u71b1\u610f\u3092\u878d\u5408\u3055\u305b\u3001\u9867\u5ba2\u304c\u6e80\u8db3\u30fb\u5b89\u5fc3\u3059\u308b\u88fd\u54c1\u54c1\u8cea\u3092\u78ba\u4fdd\u3057\u3001\u65b0\u305f\u306a\u4fa1\u5024\uff08\uff1d\u54c1\u8cea\uff09\u3092\u5275\u9020\u3057\u7d9a\u3051\u307e\u3059\u3002\u305d\u306e\u305f\u3081\u306b\u4ee5\u4e0b\u306e\u884c\u52d5\u65b9\u91dd\u3092\u63b2\u3052\u307e\u3059\u3002\n\n\n<ul>\n \t\n\n<li>\u793e\u54e1\u4e00\u4eba\u4e00\u4eba\u304c\u81ea\u4e3b\u7684\u306b\u6539\u5584\u3092\u542b\u3080\u5fc5\u8981\u306a\u6d3b\u52d5\u3092\u884c\u3044\u3001 \u54c1\u8cea\u30de\u30cd\u30b8\u30e1\u30f3\u30c8\u30b7\u30b9\u30c6\u30e0\u3092\u69cb\u7bc9\u3057\u3001\n\u305d\u306e\u6709\u52b9\u6027\u306e\u7d99\u7d9a\u7684\u306a\u6539\u5584\u3092\u56f3\u308a\u307e\u3059\u3002<\/li>\n\n\n \t\n\n<li>\u5f53\u793e\u306e\u5275\u9020\u3059\u308b\u88fd\u54c1\u3001\u30b5\u30fc\u30d3\u30b9\u306b\u304a\u3044\u3066\u3001\u30af\u30ec\u30fc\u30e0\u30bc\u30ed\u306e\u54c1\u8cea\u30c8\u30c3\u30d7\u30e9\u30f3\u30ca\u30fc\u3092\u76ee\u6307\u3057\u307e\u3059\u3002<\/li>\n\n\n \t\n\n<li>\u6025\u6fc0\u306b\u5909\u5316\u3059\u308b\u9867\u5ba2\u8981\u6c42\u3092\u7684\u78ba\u306b\u628a\u63e1\u3057\u3001\u88fd\u54c1\u3078\u306e\u8fc5\u901f\u306a\u53cd\u6620\u306b\u3088\u308a\u9867\u5ba2\u6e80\u8db3\u5ea6\u306e\u5411\u4e0a\u3092\u76ee\u6307\u3057\u307e\u3059\u3002<\/li>\n\n\n \t\n\n<li>\u6cd5\u4ee4\u9806\u5b88\u306f\u5143\u3088\u308a\u3001\u74b0\u5883\u30fb\u5b89\u5168\u3078\u306e\u5fb9\u5e95\u3057\u305f\u914d\u616e\u3092\u696d\u52d9\u9042\u884c\u306e\u57fa\u672c\u3068\u3057\u307e\u3059\u3002<\/li>\n\n\n<\/ul>\n\n\n\n\n<div class=\"row sp\">\n\n\n<div class=\"sc_col3 sp\"><img loading=\"lazy\" decoding=\"async\" src=\"https:\/\/daiewool.co.jp\/wordpress\/wp-content\/uploads\/2022\/01\/Ile-de-France-sheep.jpg\" alt=\"\" width=\"900\" height=\"600\" class=\"alignnone wp-image-101 size-full\" srcset=\"https:\/\/daiewool.co.jp\/wordpress\/wp-content\/uploads\/2022\/01\/Ile-de-France-sheep.jpg 900w, https:\/\/daiewool.co.jp\/wordpress\/wp-content\/uploads\/2022\/01\/Ile-de-France-sheep-768x512.jpg 768w\" sizes=\"auto, (max-width: 900px) 100vw, 900px\" \/><\/div>\n\n\n\n\n<div class=\"sc_col3 sp\"><img loading=\"lazy\" decoding=\"async\" data-src=\"https:\/\/daiewool.co.jp\/wordpress\/wp-content\/uploads\/2022\/01\/30.jpg\" alt=\"\" width=\"900\" height=\"600\" class=\"alignnone wp-image-100 size-full lazyload\" data-srcset=\"https:\/\/daiewool.co.jp\/wordpress\/wp-content\/uploads\/2022\/01\/30.jpg 900w, https:\/\/daiewool.co.jp\/wordpress\/wp-content\/uploads\/2022\/01\/30-768x512.jpg 768w\" data-sizes=\"auto, (max-width: 900px) 100vw, 900px\" \/><\/div>\n\n\n\n\n<div class=\"sc_col3 sp\"><img loading=\"lazy\" decoding=\"async\" data-src=\"https:\/\/daiewool.co.jp\/wordpress\/wp-content\/uploads\/2022\/01\/25.jpg\" alt=\"\" width=\"900\" height=\"600\" class=\"alignnone wp-image-99 size-full lazyload\" data-srcset=\"https:\/\/daiewool.co.jp\/wordpress\/wp-content\/uploads\/2022\/01\/25.jpg 900w, https:\/\/daiewool.co.jp\/wordpress\/wp-content\/uploads\/2022\/01\/25-768x512.jpg 768w\" data-sizes=\"auto, (max-width: 900px) 100vw, 900px\" \/><\/div>\n\n\n<\/div>\n\n\n<\/div>\n\n\n<a id=\"service-id\" class=\"anchor\"><\/a>\n\n\n<div id=\"service\">\n\n\n<h3>\u5f53\u793e\u5546\u54c1\u306b\u3064\u3044\u3066<\/h3>\n\n\n\u5f53\u793e\u3067\u306f\u30d5\u30e9\u30f3\u30b9\u7523\u7f8a\u6bdb\u3092\u4f7f\u7528\u3057\u3066\u304a\u308a\u3001\u307e\u305f\u30d5\u30e9\u30f3\u30b9\u7523\u7f8a\u6bdb\u3092\u4f7f\u7528\u3057\u3066\u3044\u308b\u3075\u3068\u3093\u306b\u306f\u3001\u5b89\u5fc3\u306e\u54c1\u8cea\u4fdd\u8a3c\u3068\u3057\u3066\u30ec\u30fc\u30cc\u30de\u30fc\u30af\u30e9\u30d9\u30eb\u3092\u4ed8\u3051\u3066\u304a\u308a\u307e\u3059\u3002\u307e\u305f\u3001\u518d\u751f\u30dd\u30ea\u30a8\u30b9\u30c6\u30eb\u3092\u30d5\u30e9\u30f3\u30b9\u7523\u7f8a\u6bdb\u306b\u6df7\u5408\u3055\u305b\u305f\u3001\u74b0\u5883\u306b\u914d\u616e\u3057\u305f\u5546\u54c1\u306b\u95a2\u3057\u3066\u306f\u3001\u30ec\u30fc\u30cc\u30de\u30fc\u30afEco\u30e9\u30d9\u30eb\u3092\u4ed8\u3051\u3066\u304a\u308a\u307e\u3059\u3002\n\n\n<div class=\"row sp\">\n\n\n<div class=\"sc_col2 sp\"><img loading=\"lazy\" decoding=\"async\" data-src=\"https:\/\/daiewool.co.jp\/wordpress\/wp-content\/uploads\/2021\/12\/daiewool-test-4.jpg\" alt=\"\" width=\"504\" height=\"815\" class=\"alignnone size-full wp-image-50 lazyload\" \/><\/div>\n\n\n\n\n<div class=\"sc_col2 sp\"><img loading=\"lazy\" decoding=\"async\" data-src=\"https:\/\/daiewool.co.jp\/wordpress\/wp-content\/uploads\/2021\/12\/daiewool-test-5.jpg\" alt=\"\" width=\"504\" height=\"804\" class=\"alignnone size-full wp-image-51 lazyload\" \/><\/div>\n\n\n<\/div>\n\n\n<\/div>\n\n\n<a id=\"futon-id\" class=\"anchor\"><\/a>\n\n\n<div id=\"futon\">\n\n\n<h3>\u3075\u3068\u3093\u60c5\u5831<\/h3>\n\n\n\u3075\u3068\u3093\u306b\u306f\u5341\u4eba\u5341\u8272\u306e\u30cb\u30fc\u30ba\u304c\u3042\u308a\u307e\u3059\u3002\u6b8b\u5ff5\u306a\u304c\u3089\u3053\u306e\u591a\u7a2e\u591a\u69d8\u306a\u30cb\u30fc\u30ba\u5168\u3066\u306b\u3001\u4e00\u679a\u306e\u3075\u3068\u3093\u3067\u5fdc\u3048\u308b\u3053\u3068\u306f\u51fa\u6765\u307e\u305b\u3093\u3002 \u5f53\u793e\u3067\u306f\u500b\u5225\u306e\u30cb\u30fc\u30ba\u306b\u5408\u308f\u305b\u305f\u5546\u54c1\u8a2d\u8a08\u3092\u884c\u3044\u3001\u30aa\u30f3\u30ea\u30fc\u30ef\u30f3\u306e\u5546\u54c1\u3065\u304f\u308a\u3092\u76ee\u6307\u3057\u3066\u3044\u307e\u3059\u3002\n\u3042\u3089\u3086\u308b\u65b9\u5411\u306b\u76ee\u3092\u5411\u3051\u3001\u3042\u3089\u3086\u308b\u89d2\u5ea6\u304b\u3089\u898b\u3064\u3081\u3001\u304a\u5ba2\u69d8\u306e\u30cb\u30fc\u30ba\u306b\u5fdc\u3048\u3089\u308c\u308b\u3088\u3046\u306a\u3054\u63d0\u6848\u3092\u3044\u305f\u3057\u307e\u3059\u3002\n\n\n<div class=\"row sp\">\n\n\n<div class=\"sc_col2 sp\"><img loading=\"lazy\" decoding=\"async\" data-src=\"https:\/\/daiewool.co.jp\/wordpress\/wp-content\/uploads\/2022\/01\/IMG_0661.jpg\" alt=\"\" width=\"1200\" height=\"800\" class=\"alignnone wp-image-98 size-full lazyload\" data-srcset=\"https:\/\/daiewool.co.jp\/wordpress\/wp-content\/uploads\/2022\/01\/IMG_0661.jpg 1200w, https:\/\/daiewool.co.jp\/wordpress\/wp-content\/uploads\/2022\/01\/IMG_0661-768x512.jpg 768w\" data-sizes=\"auto, (max-width: 1200px) 100vw, 1200px\" \/><\/div>\n\n\n\n\n<div class=\"sc_col2 sp\"><img loading=\"lazy\" decoding=\"async\" data-src=\"https:\/\/daiewool.co.jp\/wordpress\/wp-content\/uploads\/2022\/01\/IMG_1308.jpg\" alt=\"\" width=\"1200\" height=\"800\" class=\"alignnone wp-image-97 size-full lazyload\" data-srcset=\"https:\/\/daiewool.co.jp\/wordpress\/wp-content\/uploads\/2022\/01\/IMG_1308.jpg 1200w, https:\/\/daiewool.co.jp\/wordpress\/wp-content\/uploads\/2022\/01\/IMG_1308-768x512.jpg 768w\" data-sizes=\"auto, (max-width: 1200px) 100vw, 1200px\" \/><\/div>\n\n\n<\/div>\n\n\n<\/div>\n\n\n--><br \/>\n<a id=\"company-id\" class=\"anchor\"><\/a><\/p>\n<div id=\"company\">\n<h3>\u4f1a\u793e\u6982\u8981<\/h3>\n<table border=\"1\" style=\"border-collapse: collapse; width: 70%;\">\n<tbody>\n<tr>\n<td style=\"width: 30%; text-align: center;\">\u793e\u3000 \u540d<\/td>\n<td style=\"width: 70%;\">\u5927\u6075\u30a6\u30fc\u30eb \u682a\u5f0f\u4f1a\u793e\u3000\uff08DAIE WOOL CO.,LTD.\uff09<\/td>\n<\/tr>\n<tr>\n<td style=\"width: 30%; text-align: center;\">\u672c\u3000 \u793e<\/td>\n<td style=\"width: 70%;\">\u3012611-0041\u3000\u4eac\u90fd\u5e9c\u5b87\u6cbb\u5e02\u69c7\u5cf6\u753a\u4e00\u30ce\u576a27\u756a\u5730<\/td>\n<\/tr>\n<tr>\n<td style=\"width: 30%; text-align: center;\">TEL<\/td>\n<td style=\"width: 70%;\">0774-22-1011<\/td>\n<\/tr>\n<tr>\n<td style=\"width: 30%; text-align: center;\">FAX<\/td>\n<td style=\"width: 70%;\">0774-24-1501<\/td>\n<\/tr>\n<tr>\n<td style=\"width: 30%; text-align: center;\">E-mail<\/td>\n<td style=\"width: 70%;\">info@daiewool.co.jp<\/td>\n<\/tr>\n<tr>\n<td style=\"width: 30%; text-align: center;\">\u8a2d\u3000 \u7acb<\/td>\n<td style=\"width: 70%;\">\u662d\u548c55\u5e74<\/td>\n<\/tr>\n<tr>\n<td style=\"width: 30%; text-align: center;\">\u5275\u3000 \u696d<\/td>\n<td style=\"width: 70%;\">\u662d\u548c25\u5e74<\/td>\n<\/tr>\n<tr>\n<td style=\"width: 30%; text-align: center;\">\u4ee3\u8868\u8005<\/td>\n<td style=\"width: 70%;\">\u4ee3\u8868\u53d6\u7de0\u5f79\u793e\u9577 \u897f\u5ca1\u4e00\u5247<\/td>\n<\/tr>\n<tr>\n<td style=\"width: 30%; text-align: center;\">\u8cc7 \u672c \u91d1<\/td>\n<td style=\"width: 70%;\">2,400\u4e07\u5186<\/td>\n<\/tr>\n<tr>\n<td style=\"width: 30%; text-align: center;\">\u4f01\u696d\u7406\u5ff5<\/td>\n<td style=\"width: 70%;\">\u512a\u308c\u305f\u5bdd\u5177\uff08\u3075\u3068\u3093\uff09\u3092\u751f\u7523\u3057\u3001\u63d0\u4f9b\u3059\u308b\u3053\u3068\u306b\u3088\u308a\u3001<br \/>\n\u6d88\u8cbb\u8005\u306e\u65b9\u3005\u304c\u7761\u7720\u3092\u901a\u3057\u3066\u3088\u308a\u826f\u3044\u5065\u5eb7\u3092\u7dad\u6301\u3055\u308c\u308b\u3053\u3068\u306b\u8ca2\u732e\u3059\u308b\u3002<\/td>\n<\/tr>\n<tr>\n<td style=\"width: 30%; text-align: center;\">\u4e8b\u696d\u6d3b\u52d5<\/td>\n<td style=\"width: 70%;\">\u5bdd\u88c5\u54c1\u306e\u4f01\u753b\u30fb\u8a2d\u8a08\u3001\u88fd\u9020\u304a\u3088\u3073\u8ca9\u58f2<\/td>\n<\/tr>\n<tr>\n<td style=\"width: 30%; text-align: center;\">\u55b6\u696d\u54c1\u76ee<\/td>\n<td style=\"width: 70%;\">\u30a6\u30fc\u30eb\u3075\u3068\u3093\u3001\u5408\u7e4a\u3075\u3068\u3093\u3001\u7363\u6bdb\u3075\u3068\u3093<\/td>\n<\/tr>\n<\/tbody>\n<\/table>\n<\/div>\n<p><iframe width=\"100%\" height=\"450\" style=\"border: 0;\" src=\"https:\/\/www.google.com\/maps\/embed?pb=!1m18!1m12!1m3!1d3272.0889117132806!2d135.78006101487009!3d34.90421818038274!2m3!1f0!2f0!3f0!3m2!1i1024!2i768!4f13.1!3m3!1m2!1s0x60011037097766fd%3A0xae554cb283ab8a54!2z44CSNjExLTAwNDEg5Lqs6YO95bqc5a6H5rK75biC5qeH5bO255S65LiA44OO5Z2q77yS77yX!5e0!3m2!1sja!2sjp!4v1639119702583!5m2!1sja!2sjp\" allowfullscreen=\"allowfullscreen\" loading=\"lazy\"><span data-mce-type=\"bookmark\" style=\"display: inline-block; width: 0px; overflow: hidden; line-height: 0;\" class=\"mce_SELRES_start\">\ufeff<\/span><\/iframe><br \/>\n<a id=\"contact-id\" class=\"anchor\"><\/a><\/p>\n<div id=\"contact\">\n<h3>\u304a\u554f\u3044\u5408\u308f\u305b<\/h3>\n\n<div class=\"wpcf7 no-js\" id=\"wpcf7-f16-o1\" lang=\"ja\" dir=\"ltr\" data-wpcf7-id=\"16\">\n<div class=\"screen-reader-response\"><p role=\"status\" aria-live=\"polite\" aria-atomic=\"true\"><\/p> <ul><\/ul><\/div>\n<form action=\"\/index.php?rest_route=%2Fwp%2Fv2%2Fpages%2F2#wpcf7-f16-o1\" method=\"post\" class=\"wpcf7-form init\" aria-label=\"\u30b3\u30f3\u30bf\u30af\u30c8\u30d5\u30a9\u30fc\u30e0\" novalidate=\"novalidate\" data-status=\"init\">\n<fieldset class=\"hidden-fields-container\"><input type=\"hidden\" name=\"_wpcf7\" value=\"16\" \/><input type=\"hidden\" name=\"_wpcf7_version\" value=\"6.1.3\" \/><input type=\"hidden\" name=\"_wpcf7_locale\" value=\"ja\" \/><input type=\"hidden\" name=\"_wpcf7_unit_tag\" value=\"wpcf7-f16-o1\" \/><input type=\"hidden\" name=\"_wpcf7_container_post\" value=\"0\" \/><input type=\"hidden\" name=\"_wpcf7_posted_data_hash\" value=\"\" \/>\n<\/fieldset>\n<div class=\"wpcf7-turnstile cf-turnstile\" data-sitekey=\"0x4AAAAAACA3swdAjSMsGZQC\" data-response-field-name=\"_wpcf7_turnstile_response\"><\/div>\n\n<div class=\"contact\">\n\t<div class=\"name\">\n\t\t<div class=\"form_title\">\n\t\t\t<p>\u304a\u540d\u524d<span>\u5fc5\u9808<\/span>\n\t\t\t<\/p>\n\t\t<\/div>\n\t\t<div class=\"form_area\">\n\t\t\t<p><span class=\"wpcf7-form-control-wrap\" data-name=\"your-name\"><input size=\"40\" maxlength=\"400\" class=\"wpcf7-form-control wpcf7-text wpcf7-validates-as-required\" aria-required=\"true\" aria-invalid=\"false\" placeholder=\"\u4f8b\uff1a\u5927\u6075 \u592a\u90ce\" value=\"\" type=\"text\" name=\"your-name\" \/><\/span>\n\t\t\t<\/p>\n\t\t<\/div>\n\t<\/div>\n\t<div class=\"name\">\n\t\t<div class=\"form_title\">\n\t\t\t<p>\u4f1a\u793e\u30fb\u56e3\u4f53\u540d\n\t\t\t<\/p>\n\t\t<\/div>\n\t\t<div class=\"form_area\">\n\t\t\t<p><span class=\"wpcf7-form-control-wrap\" data-name=\"company\"><input size=\"40\" maxlength=\"400\" class=\"wpcf7-form-control wpcf7-text\" aria-invalid=\"false\" placeholder=\"\u4f8b\uff1a\u5927\u6075\u30a6\u30fc\u30eb \u682a\u5f0f\u4f1a\u793e\" value=\"\" type=\"text\" name=\"company\" \/><\/span>\n\t\t\t<\/p>\n\t\t<\/div>\n\t<\/div>\n\t<div class=\"address\">\n\t\t<div class=\"form_title\">\n\t\t\t<p>\u30e1\u30fc\u30eb\u30a2\u30c9\u30ec\u30b9<span>\u5fc5\u9808<\/span>\n\t\t\t<\/p>\n\t\t<\/div>\n\t\t<div class=\"form_area\">\n\t\t\t<p><span class=\"wpcf7-form-control-wrap\" data-name=\"your-email\"><input size=\"40\" maxlength=\"400\" class=\"wpcf7-form-control wpcf7-email wpcf7-validates-as-required wpcf7-text wpcf7-validates-as-email\" aria-required=\"true\" aria-invalid=\"false\" placeholder=\"\u4f8b\uff1a\u00d7\u00d7\u00d7@\u00d7\u00d7\u00d7.com\" value=\"\" type=\"email\" name=\"your-email\" \/><\/span>\n\t\t\t<\/p>\n\t\t<\/div>\n\t<\/div>\n\t<div class=\"zip\">\n\t\t<div class=\"form_title\">\n\t\t\t<p>\u90f5\u4fbf\u756a\u53f7<span>\u5fc5\u9808<\/span>\n\t\t\t<\/p>\n\t\t<\/div>\n\t\t<div class=\"form_area\">\n\t\t\t<p><span class=\"wpcf7-form-control-wrap\" data-name=\"zip\"><input size=\"40\" maxlength=\"400\" class=\"wpcf7-form-control wpcf7-text wpcf7-validates-as-required\" id=\"zip\" aria-required=\"true\" aria-invalid=\"false\" placeholder=\"\u4f8b\uff1a611-0041\" value=\"\" type=\"text\" name=\"zip\" \/><\/span>\n\t\t\t<\/p>\n\t\t<\/div>\n\t<\/div>\n\t<div class=\"address\">\n\t\t<div class=\"form_title\">\n\t\t\t<p>\u3054\u4f4f\u6240<span>\u5fc5\u9808<\/span>\n\t\t\t<\/p>\n\t\t<\/div>\n\t\t<div class=\"form_area\">\n\t\t\t<p><span class=\"wpcf7-form-control-wrap\" data-name=\"addr\"><input size=\"40\" maxlength=\"400\" class=\"wpcf7-form-control wpcf7-text wpcf7-validates-as-required\" id=\"addr\" aria-required=\"true\" aria-invalid=\"false\" placeholder=\"\u4f8b\uff1a\u4eac\u90fd\u5e9c\u5b87\u6cbb\u5e02\u69c7\u5cf6\u753a\u4e00\u30ce\u576a27\u756a\u5730 \u5927\u6075\u30d3\u30eb2F\" value=\"\" type=\"text\" name=\"addr\" \/><\/span>\n\t\t\t<\/p>\n\t\t<\/div>\n\t<\/div>\n\t<div class=\"address\">\n\t\t<div class=\"form_title\">\n\t\t\t<p>\u96fb\u8a71\u756a\u53f7<span>\u5fc5\u9808<\/span>\n\t\t\t<\/p>\n\t\t<\/div>\n\t\t<div class=\"form_area\">\n\t\t\t<p><span class=\"wpcf7-form-control-wrap\" data-name=\"tel-978\"><input size=\"40\" maxlength=\"400\" class=\"wpcf7-form-control wpcf7-text wpcf7-validates-as-required\" aria-required=\"true\" aria-invalid=\"false\" placeholder=\"\u4f8b\uff1a0774-22-1011\" value=\"\" type=\"text\" name=\"tel-978\" \/><\/span>\n\t\t\t<\/p>\n\t\t<\/div>\n\t<\/div>\n\t<div class=\"message\">\n\t\t<div class=\"form_title\">\n\t\t\t<p>\u30e1\u30c3\u30bb\u30fc\u30b8\u672c\u6587<span>\u5fc5\u9808<\/span>\n\t\t\t<\/p>\n\t\t<\/div>\n\t\t<div class=\"form_area\">\n\t\t\t<p><span class=\"wpcf7-form-control-wrap\" data-name=\"your-message\"><textarea cols=\"40\" rows=\"10\" maxlength=\"2000\" class=\"wpcf7-form-control wpcf7-textarea wpcf7-validates-as-required\" aria-required=\"true\" aria-invalid=\"false\" name=\"your-message\"><\/textarea><\/span>\n\t\t\t<\/p>\n\t\t<\/div>\n\t<\/div>\n\t<p><span class=\"wpcf7-form-control-wrap\" data-name=\"acceptance-942\"><span class=\"wpcf7-form-control wpcf7-acceptance\"><span class=\"wpcf7-list-item\"><input type=\"checkbox\" name=\"acceptance-942\" value=\"1\" aria-invalid=\"false\" \/><\/span><\/span><\/span> \u78ba\u8a8d\u30da\u30fc\u30b8\u306f\u3054\u3056\u3044\u307e\u305b\u3093\u306e\u3067\u3001\u5185\u5bb9\u3092\u3054\u78ba\u8a8d\u306e\u4e0a\u30c1\u30a7\u30c3\u30af\u3092\u5165\u308c\u3066\u304f\u3060\u3055\u3044\u3002\n\t<\/p>\n\t<p><input class=\"wpcf7-form-control wpcf7-submit has-spinner\" type=\"submit\" value=\"\u9001\u4fe1\" \/>\n\t<\/p>\n<\/div><div class=\"wpcf7-response-output\" aria-hidden=\"true\"><\/div>\n<\/form>\n<\/div>\n\n<\/div>\n","protected":false},"excerpt":{"rendered":"<p>\u5927\u6075\u30a6\u30fc\u30eb\u682a\u5f0f\u4f1a\u793e\u306f\u4eac\u90fd\u5e9c\u5b87\u6cbb\u5e02\u3067\u5bdd\u5177\u88fd\u9020\u696d\u309260\u5e74\u4ee5\u4e0a\u306b\u308f\u305f\u308a\u64cd\u696d\u3057\u3066\u3044\u308b\u30a6\u30fc\u30eb\u3075\u3068\u3093\u306e\u5c02\u9580\u30e1\u30fc\u30ab\u30fc\u3067\u3059\u3002 \u30a6\u30fc\u30eb\u3075\u3068\u3093\u306b\u7279\u5316\u3059\u308b\u3053\u3068\u3067\u30a6\u30fc\u30eb\u306e\u826f\u3055\u3092\u5341\u4e8c\u5206\u306b\u6d3b\u304b\u3057\u305f\u5546\u54c1\u3092\u81ea\u4fe1\u3092\u3082\u3063\u3066\u3054\u63d0\u6848\u3044\u305f\u3057\u307e\u3059\u3002 \u56fd\u7523\u88fd\u54c1\u306a\u3089\u3067\u306f\u306e\u9ad8\u54c1\u8cea\u306a\u3001\u3069\u306a\u305f\u2026<\/p>\n","protected":false},"author":1,"featured_media":0,"parent":0,"menu_order":0,"comment_status":"closed","ping_status":"closed","template":"template-fullpage.php","meta":{"footnotes":""},"class_list":["post-2","page","type-page","status-publish","hentry"],"_links":{"self":[{"href":"https:\/\/daiewool.co.jp\/index.php?rest_route=\/wp\/v2\/pages\/2","targetHints":{"allow":["GET"]}}],"collection":[{"href":"https:\/\/daiewool.co.jp\/index.php?rest_route=\/wp\/v2\/pages"}],"about":[{"href":"https:\/\/daiewool.co.jp\/index.php?rest_route=\/wp\/v2\/types\/page"}],"author":[{"embeddable":true,"href":"https:\/\/daiewool.co.jp\/index.php?rest_route=\/wp\/v2\/users\/1"}],"replies":[{"embeddable":true,"href":"https:\/\/daiewool.co.jp\/index.php?rest_route=%2Fwp%2Fv2%2Fcomments&post=2"}],"version-history":[{"count":66,"href":"https:\/\/daiewool.co.jp\/index.php?rest_route=\/wp\/v2\/pages\/2\/revisions"}],"predecessor-version":[{"id":504,"href":"https:\/\/daiewool.co.jp\/index.php?rest_route=\/wp\/v2\/pages\/2\/revisions\/504"}],"wp:attachment":[{"href":"https:\/\/daiewool.co.jp\/index.php?rest_route=%2Fwp%2Fv2%2Fmedia&parent=2"}],"curies":[{"name":"wp","href":"https:\/\/api.w.org\/{rel}","templated":true}]}}